{"id":6873,"date":"2023-02-08T15:51:53","date_gmt":"2023-02-08T15:51:53","guid":{"rendered":"https:\/\/trialogues.ces.uc.pt\/projeto-4\/"},"modified":"2023-05-19T13:10:59","modified_gmt":"2023-05-19T13:10:59","slug":"projeto-4","status":"publish","type":"page","link":"https:\/\/trialogues.ces.uc.pt\/es\/projeto-4\/","title":{"rendered":"Equipo"},"content":{"rendered":"[vc_row type=\u00bbfull_width_background\u00bb full_screen_row_position=\u00bbmiddle\u00bb column_margin=\u00bbdefault\u00bb equal_height=\u00bbyes\u00bb column_direction=\u00bbdefault\u00bb column_direction_tablet=\u00bbdefault\u00bb column_direction_phone=\u00bbdefault\u00bb bg_image=\u00bb6232&#8243; bg_position=\u00bbleft top\u00bb background_image_loading=\u00bbdefault\u00bb bg_repeat=\u00bbno-repeat\u00bb scene_position=\u00bbcenter\u00bb top_padding=\u00bb140&#8243; bottom_padding=\u00bb140&#8243; text_color=\u00bbdark\u00bb text_align=\u00bbleft\u00bb row_border_radius=\u00bbnone\u00bb row_border_radius_applies=\u00bbbg\u00bb overflow=\u00bbvisible\u00bb color_overlay=\u00bb#ffffff\u00bb overlay_strength=\u00bb0.95&#8243; gradient_direction=\u00bbleft_to_right\u00bb shape_divider_position=\u00bbbottom\u00bb bg_image_animation=\u00bbnone\u00bb gradient_type=\u00bbdefault\u00bb shape_type=\u00bb\u00bb][vc_column column_padding=\u00bbno-extra-padding\u00bb column_padding_tablet=\u00bbinherit\u00bb column_padding_phone=\u00bbinherit\u00bb column_padding_position=\u00bball\u00bb column_element_direction_desktop=\u00bbdefault\u00bb column_element_spacing=\u00bbdefault\u00bb desktop_text_alignment=\u00bbdefault\u00bb tablet_text_alignment=\u00bbdefault\u00bb phone_text_alignment=\u00bbdefault\u00bb background_color_opacity=\u00bb1&#8243; background_hover_color_opacity=\u00bb1&#8243; column_backdrop_filter=\u00bbnone\u00bb column_shadow=\u00bbnone\u00bb column_border_radius=\u00bbnone\u00bb column_link_target=\u00bb_self\u00bb column_position=\u00bbdefault\u00bb gradient_direction=\u00bbleft_to_right\u00bb overlay_strength=\u00bb0.3&#8243; width=\u00bb1\/2&#8243; tablet_width_inherit=\u00bbdefault\u00bb animation_type=\u00bbdefault\u00bb bg_image_animation=\u00bbnone\u00bb border_type=\u00bbsimple\u00bb column_border_width=\u00bbnone\u00bb column_border_style=\u00bbsolid\u00bb column_padding_type=\u00bbdefault\u00bb gradient_type=\u00bbdefault\u00bb][vc_column_text css_animation=\u00bbslideInLeft\u00bb el_class=\u00bbleft-contact\u00bb css=\u00bb.vc_custom_1684501785240{padding-top: 30px !important;padding-bottom: 30px !important;}\u00bb]\n<h2 class=\"resumo-title\"><strong><span style=\"color: #ff0000;\">Investigador responsable<\/span><\/strong><\/h2>\n<p>Pablo P\u00e9rez Navarro se doctor\u00f3 en filosof\u00eda en la Universidad de La Laguna (Espa\u00f1a) y, durante sus estudios de doctorado, fue investigador visitante en el Centre for Lesbian and Gay Studies (CLAGS) de la Universidad de Nueva York.<\/p>\n<p>En la actualidad, es investigador del Centro de Estudios Sociales (CES) de la Universidad de Coimbra, y ha conducido investigaci\u00f3n posdoctoral en la Universidad Carlos III de Madrid, en el CES, en la Universidad Federal de Bah\u00eda (Brasil) y en la Universidad Complutense de Madrid. Adem\u00e1s, durante dos a\u00f1os, fue profesor visitante de Estudios Queer y LGBTI &#8211; G\u00e9nero y Sexualidades en la Universidad Federal de Minas Gerais (Brasil).<\/p>\n<p>Es autor de &#8216;Del texto al sexo: Judith Butler y la performatividad&#8217; (Egales, Madrid, 2008) y coordinador de \u201cMargens da pandemia: queerentenas viadas, boycetas, sapatrans, faveladas\u201d (Devires, 2021). Sus trabajos recientes tratan de temas como las pol\u00edticas de coalici\u00f3n de la disidencia sexogen\u00e9rica y las biopol\u00edticas del orden p\u00fablico.[\/vc_column_text][\/vc_column][vc_column column_padding=\u00bbno-extra-padding\u00bb column_padding_tablet=\u00bbinherit\u00bb column_padding_phone=\u00bbinherit\u00bb column_padding_position=\u00bball\u00bb column_element_direction_desktop=\u00bbdefault\u00bb column_element_spacing=\u00bbdefault\u00bb desktop_text_alignment=\u00bbdefault\u00bb tablet_text_alignment=\u00bbdefault\u00bb phone_text_alignment=\u00bbdefault\u00bb background_color_opacity=\u00bb1&#8243; background_hover_color_opacity=\u00bb1&#8243; column_backdrop_filter=\u00bbnone\u00bb column_shadow=\u00bbnone\u00bb column_border_radius=\u00bbnone\u00bb column_link_target=\u00bb_self\u00bb column_position=\u00bbdefault\u00bb gradient_direction=\u00bbleft_to_right\u00bb overlay_strength=\u00bb0.3&#8243; width=\u00bb1\/2&#8243; tablet_width_inherit=\u00bbdefault\u00bb animation_type=\u00bbdefault\u00bb bg_image_animation=\u00bbnone\u00bb border_type=\u00bbsimple\u00bb column_border_width=\u00bbnone\u00bb column_border_style=\u00bbsolid\u00bb][image_with_animation image_url=\u00bb6973&#8243; image_size=\u00bbfull\u00bb animation_type=\u00bbentrance\u00bb animation=\u00bbFade In From Right\u00bb animation_easing=\u00bbdefault\u00bb animation_movement_type=\u00bbtransform_y\u00bb hover_animation=\u00bbnone\u00bb alignment=\u00bbcenter\u00bb border_radius=\u00bbnone\u00bb box_shadow=\u00bbnone\u00bb image_loading=\u00bbdefault\u00bb max_width=\u00bb100%\u00bb max_width_mobile=\u00bbdefault\u00bb][\/vc_column][\/vc_row][vc_row type=\u00bbfull_width_background\u00bb full_screen_row_position=\u00bbmiddle\u00bb column_margin=\u00bbdefault\u00bb column_direction=\u00bbdefault\u00bb column_direction_tablet=\u00bbdefault\u00bb column_direction_phone=\u00bbdefault\u00bb bg_image=\u00bb6253&#8243; bg_position=\u00bbleft top\u00bb background_image_loading=\u00bbdefault\u00bb bg_repeat=\u00bbno-repeat\u00bb scene_position=\u00bbcenter\u00bb text_color=\u00bbdark\u00bb text_align=\u00bbleft\u00bb row_border_radius=\u00bbnone\u00bb row_border_radius_applies=\u00bbbg\u00bb overflow=\u00bbvisible\u00bb overlay_strength=\u00bb0.3&#8243; gradient_direction=\u00bbleft_to_right\u00bb shape_divider_position=\u00bbbottom\u00bb bg_image_animation=\u00bbnone\u00bb gradient_type=\u00bbdefault\u00bb shape_type=\u00bb\u00bb][vc_column column_padding=\u00bbno-extra-padding\u00bb column_padding_tablet=\u00bbinherit\u00bb column_padding_phone=\u00bbinherit\u00bb column_padding_position=\u00bball\u00bb column_element_direction_desktop=\u00bbdefault\u00bb column_element_spacing=\u00bbdefault\u00bb desktop_text_alignment=\u00bbdefault\u00bb tablet_text_alignment=\u00bbdefault\u00bb phone_text_alignment=\u00bbdefault\u00bb background_color_opacity=\u00bb1&#8243; background_hover_color_opacity=\u00bb1&#8243; column_backdrop_filter=\u00bbnone\u00bb column_shadow=\u00bbnone\u00bb column_border_radius=\u00bbnone\u00bb column_link_target=\u00bb_self\u00bb column_position=\u00bbdefault\u00bb gradient_direction=\u00bbleft_to_right\u00bb overlay_strength=\u00bb0.3&#8243; width=\u00bb1\/1&#8243; tablet_width_inherit=\u00bbdefault\u00bb animation_type=\u00bbdefault\u00bb bg_image_animation=\u00bbnone\u00bb border_type=\u00bbsimple\u00bb column_border_width=\u00bbnone\u00bb column_border_style=\u00bbsolid\u00bb][vc_column_text css_animation=\u00bbslideInUp\u00bb el_class=\u00bbleft-contact\u00bb css=\u00bb.vc_custom_1675879213409{padding-top: 150px !important;padding-bottom: 150px !important;}\u00bb]\n<h2 class=\"inst-title\"><strong><span style=\"color: #ffffff;\">Instituiciones Associadas<\/span><\/strong><\/h2>\n<h3 class=\"supervisores-text\"><span style=\"color: #ffffff;\"><strong>Centro de Estudos Sociais da Universidade de Coimbra<\/strong> (CES, Portugal)<\/span><br \/>\n<span style=\"color: #ffffff;\"><strong>Universidade Federal da Bahia<\/strong> (UFBA, Brasil)<\/span><br \/>\n<span style=\"color: #ffffff;\"><strong>Universidad Complutense de Madrid<\/strong> (UCM, Espa\u00f1a)<\/span><br \/>\n<span style=\"color: #ffffff;\"><strong>Instituto Universit\u00e1rio de Lisboa<\/strong> (ISCTE, Portugal)<\/span><\/h3>\n[\/vc_column_text][\/vc_column][\/vc_row][vc_row type=\u00bbfull_width_background\u00bb full_screen_row_position=\u00bbmiddle\u00bb column_margin=\u00bbdefault\u00bb column_direction=\u00bbdefault\u00bb column_direction_tablet=\u00bbdefault\u00bb column_direction_phone=\u00bbdefault\u00bb bg_image=\u00bb5980&#8243; bg_position=\u00bbleft top\u00bb background_image_loading=\u00bbdefault\u00bb bg_repeat=\u00bbno-repeat\u00bb scene_position=\u00bbcenter\u00bb text_color=\u00bbdark\u00bb text_align=\u00bbleft\u00bb row_border_radius=\u00bbnone\u00bb row_border_radius_applies=\u00bbbg\u00bb overflow=\u00bbvisible\u00bb overlay_strength=\u00bb0.3&#8243; gradient_direction=\u00bbleft_to_right\u00bb shape_divider_position=\u00bbbottom\u00bb bg_image_animation=\u00bbnone\u00bb gradient_type=\u00bbdefault\u00bb shape_type=\u00bb\u00bb][vc_column column_padding=\u00bbno-extra-padding\u00bb column_padding_tablet=\u00bbinherit\u00bb column_padding_phone=\u00bbinherit\u00bb column_padding_position=\u00bball\u00bb column_element_direction_desktop=\u00bbdefault\u00bb column_element_spacing=\u00bbdefault\u00bb desktop_text_alignment=\u00bbdefault\u00bb tablet_text_alignment=\u00bbdefault\u00bb phone_text_alignment=\u00bbdefault\u00bb background_color_opacity=\u00bb1&#8243; background_hover_color_opacity=\u00bb1&#8243; column_backdrop_filter=\u00bbnone\u00bb column_shadow=\u00bbnone\u00bb column_border_radius=\u00bbnone\u00bb column_link_target=\u00bb_self\u00bb column_position=\u00bbdefault\u00bb gradient_direction=\u00bbleft_to_right\u00bb overlay_strength=\u00bb0.3&#8243; width=\u00bb1\/1&#8243; tablet_width_inherit=\u00bbdefault\u00bb animation_type=\u00bbdefault\u00bb bg_image_animation=\u00bbnone\u00bb border_type=\u00bbsimple\u00bb column_border_width=\u00bbnone\u00bb column_border_style=\u00bbsolid\u00bb][vc_column_text css_animation=\u00bbleft-to-right\u00bb el_class=\u00bbleft-contact\u00bb css=\u00bb.vc_custom_1675962828172{padding-top: 150px !important;padding-bottom: 150px !important;}\u00bb]\n<h2 class=\"resumo-title\"><span style=\"color: #ffffff;\"><strong>Suervisoras locales<\/strong><\/span><\/h2>\n<h3><strong><span style=\"color: #ffffff;\">Ana Cristina Santos (CES)<\/span><\/strong><\/h3>\n<h3><strong><span style=\"color: #ffffff;\">Leandro Colling (UFBA)<\/span><\/strong><\/h3>\n<h3><strong><span style=\"color: #ffffff;\">Mercedes S\u00e1nchez S\u00e1inz (UCM)<\/span><\/strong><\/h3>\n<h3><strong><span style=\"color: #ffffff;\">Jo\u00e3o Manuel de Oliveira (ISCTE)<\/span><\/strong><\/h3>\n[\/vc_column_text][\/vc_column][\/vc_row]\n<p>Visitas: 743<\/p>","protected":false},"excerpt":{"rendered":"<p>[vc_row type=\u00bbfull_width_background\u00bb full_screen_row_position=\u00bbmiddle\u00bb column_margin=\u00bbdefault\u00bb equal_height=\u00bbyes\u00bb column_direction=\u00bbdefault\u00bb column_direction_tablet=\u00bbdefault\u00bb column_direction_phone=\u00bbdefault\u00bb bg_image=\u00bb6232&#8243; bg_position=\u00bbleft top\u00bb background_image_loading=\u00bbdefault\u00bb bg_repeat=\u00bbno-repeat\u00bb scene_position=\u00bbcenter\u00bb top_padding=\u00bb140&#8243;&#8230;<\/p>\n","protected":false},"author":2,"featured_media":0,"parent":0,"menu_order":0,"comment_status":"closed","ping_status":"closed","template":"","meta":{"_acf_changed":false,"footnotes":""},"class_list":["post-6873","page","type-page","status-publish"],"translation":{"provider":"WPGlobus","version":"3.0.2","language":"es","enabled_languages":["pt","es","en"],"languages":{"pt":{"title":true,"content":true,"excerpt":false},"es":{"title":true,"content":true,"excerpt":false},"en":{"title":true,"content":true,"excerpt":false}}},"acf":[],"_links":{"self":[{"href":"https:\/\/trialogues.ces.uc.pt\/es\/wp-json\/wp\/v2\/pages\/6873","targetHints":{"allow":["GET"]}}],"collection":[{"href":"https:\/\/trialogues.ces.uc.pt\/es\/wp-json\/wp\/v2\/pages"}],"about":[{"href":"https:\/\/trialogues.ces.uc.pt\/es\/wp-json\/wp\/v2\/types\/page"}],"author":[{"embeddable":true,"href":"https:\/\/trialogues.ces.uc.pt\/es\/wp-json\/wp\/v2\/users\/2"}],"replies":[{"embeddable":true,"href":"https:\/\/trialogues.ces.uc.pt\/es\/wp-json\/wp\/v2\/comments?post=6873"}],"version-history":[{"count":23,"href":"https:\/\/trialogues.ces.uc.pt\/es\/wp-json\/wp\/v2\/pages\/6873\/revisions"}],"predecessor-version":[{"id":6974,"href":"https:\/\/trialogues.ces.uc.pt\/es\/wp-json\/wp\/v2\/pages\/6873\/revisions\/6974"}],"wp:attachment":[{"href":"https:\/\/trialogues.ces.uc.pt\/es\/wp-json\/wp\/v2\/media?parent=6873"}],"curies":[{"name":"wp","href":"https:\/\/api.w.org\/{rel}","templated":true}]}}